{"id":891,"date":"2023-11-10T11:22:56","date_gmt":"2023-11-10T11:22:56","guid":{"rendered":"https:\/\/demo.creativethemes.com\/blocksy\/daily-news\/?page_id=11"},"modified":"2025-09-22T11:00:56","modified_gmt":"2025-09-22T09:00:56","slug":"contact","status":"publish","type":"page","link":"https:\/\/arkhtide-tcg.com\/ro\/contact\/","title":{"rendered":"Contact"},"content":{"rendered":"<div class=\"gspb_id-gsbp-b623c86 wp-block-greenshift-blocks-map\"><div data-key=\"gspb_id_gsbp_b623c86\" class=\"gspb_map-wrapper gspb_osmap\" id=\"gspb_map-gsbp-b623c86\"><\/div><\/div>\n\n\n<div class=\"wp-block-greenshift-blocks-row gspb_row gspb_row-id-gsbp-7bb8f57b-e514 gspb_row--gutter-custom-0\" id=\"gspb_row-id-gsbp-7bb8f57b-e514\"><div class=\"gspb_row__content\"> \n<div class=\"wp-block-greenshift-blocks-row-column gspb_row__col--8 gspb_col-id-gsbp-f468e625-df3c\" id=\"gspb_col-id-gsbp-f468e625-df3c\">\n<h4 id=\"gspb_heading-id-gsbp-5f71a739-2fe1\" class=\"gspb_heading gspb_heading-id-gsbp-5f71a739-2fe1\"><span style=\"color: #8f1728;\" class=\"stk-highlight\">Get in touch<\/span><\/h4>\n\n\n\n<div id=\"gspb_text-id-gsbp-7d6f68a4-3f40\" class=\"gspb_text gspb_text-id-gsbp-7d6f68a4-3f40\">Should you have any ideas, questions, or feedback, please do not hesitate to contact us via email. Your input is invaluable to us and helps us grow and improve.<br><br>Contact us on Discord or Facebook!<\/div>\n<\/div>\n\n\n\n<div class=\"wp-block-greenshift-blocks-row-column gspb_row__col--4 gspb_col-id-gsbp-c31f481e-d155\" id=\"gspb_col-id-gsbp-c31f481e-d155\">\n<h5 id=\"gspb_heading-id-gsbp-8d8cd7cf-2902\" class=\"gspb_heading gspb_heading-id-gsbp-8d8cd7cf-2902\"><strong><span style=\"color: #8f1728;\" class=\"stk-highlight\">Sz\u00e9kesfeh\u00e9rv\u00e1r<\/span><\/strong><\/h5>\n\n\n\n<div id=\"gspb_text-id-gsbp-364d740f-c57c\" class=\"gspb_text gspb_text-id-gsbp-364d740f-c57c\"><strong>Address:<\/strong> \u00a0Hungary, Sz\u00e9kesfeh\u00e9rv\u00e1r, Rakt\u00e1r u. 2, 8000<br><strong>Email:<\/strong> info@arkhtide-tcg.com<br><strong>Monday &#8211; Sunday<\/strong>: 08:00 &#8211; 22:00<\/div>\n\n\n\n<h5 id=\"gspb_heading-id-gsbp-5388ade5-8810\" class=\"gspb_heading gspb_heading-id-gsbp-5388ade5-8810\"><strong><span style=\"color: #8f1728;\" class=\"stk-highlight\">Commerce and Partnership Relations: <\/span><\/strong><br><strong>Andr\u00e1s Farag\u00f3<\/strong><\/h5>\n\n\n\n<div id=\"gspb_text-id-gsbp-05229c4b-83dd\" class=\"gspb_text gspb_text-id-gsbp-05229c4b-83dd\"><strong>Phone:<\/strong> +36706161361<br>Andr\u00e1s manages all aspects of commerce and fosters strategic partnerships to enhance our market presence and business opportunities.<\/div>\n\n\n\n<h5 id=\"gspb_heading-id-gsbp-2971b78a-63a8\" class=\"gspb_heading gspb_heading-id-gsbp-2971b78a-63a8\"><strong><span style=\"color: #8f1728;\" class=\"stk-highlight\">CEO: <\/span><\/strong><br><strong>D\u00e1vid T\u00f3th-Kolozsv\u00e1ri<\/strong><\/h5>\n\n\n\n<div id=\"gspb_text-id-gsbp-867d777b-5be5\" class=\"gspb_text gspb_text-id-gsbp-867d777b-5be5\"><strong>Phone:<\/strong> +36202997425<br>D\u00e1vid leads the efforts in publication and finance, ensuring quality, efficiency and financial stability.<\/div>\n\n\n<\/div>\n <\/div><\/div>","protected":false},"excerpt":{"rendered":"<p>Reach out to the Arkhtide team with any questions or ideas you have.<\/p>","protected":false},"author":2,"featured_media":1643,"parent":0,"menu_order":0,"comment_status":"closed","ping_status":"closed","template":"","meta":{"_gspb_post_css":"#gspb_row-id-gsbp-7bb8f57b-e514{justify-content:space-between;margin-top:0;display:flex;flex-wrap:wrap;margin-bottom:60px}#gspb_row-id-gsbp-7bb8f57b-e514>.gspb_row__content{display:flex;justify-content:space-between;margin:0 auto;width:100%;flex-wrap:wrap}.gspb_row{position:relative}div[id^=gspb_col-id]{box-sizing:border-box;position:relative;padding:var(--gs-row-column-padding, 15px min(3vw, 20px))}body.gspb-bodyfront #gspb_row-id-gsbp-7bb8f57b-e514>.gspb_row__content{width:var(--theme-container-width, 1200px);max-width:var(--theme-normal-container-max-width, 1200px)}#gspb_col-id-gsbp-f468e625-df3c.gspb_row__col--8{width:calc(66.66666666666667% - 25px)}@media (max-width:991.98px){#gspb_col-id-gsbp-f468e625-df3c.gspb_row__col--8{width:calc(66.66666666666667% - 25px)}}@media (max-width:767.98px){#gspb_col-id-gsbp-f468e625-df3c.gspb_row__col--8{width:calc(66.66666666666667% - 25px)}}@media (max-width:575.98px){#gspb_col-id-gsbp-f468e625-df3c.gspb_row__col--8{width:100%}}.gspb_row #gspb_col-id-gsbp-c31f481e-d155.gspb_row__col--4,.gspb_row #gspb_col-id-gsbp-f468e625-df3c.gspb_row__col--8{padding:0}#gspb_heading-id-gsbp-5f71a739-2fe1{font-size:22px;margin-top:0;margin-bottom:25px}.gspb_text-id-gsbp-7d6f68a4-3f40{margin-top:0!important;margin-bottom:50px!important}#gspb_col-id-gsbp-c31f481e-d155.gspb_row__col--4{width:calc(33.333333333333336% - 25px)}@media (max-width:991.98px){#gspb_col-id-gsbp-c31f481e-d155.gspb_row__col--4{width:calc(33.333333333333336% - 25px)}}@media (max-width:767.98px){#gspb_col-id-gsbp-c31f481e-d155.gspb_row__col--4{width:calc(33.333333333333336% - 25px)}}@media (max-width:575.98px){#gspb_col-id-gsbp-c31f481e-d155.gspb_row__col--4{width:100%}}.gspb_text-id-gsbp-05229c4b-83dd,.gspb_text-id-gsbp-364d740f-c57c{margin-bottom:30px!important}#gspb_heading-id-gsbp-2971b78a-63a8,#gspb_heading-id-gsbp-5388ade5-8810,#gspb_heading-id-gsbp-8d8cd7cf-2902{font-size:16px;margin-top:0;margin-bottom:5px}.gspb_text-id-gsbp-867d777b-5be5{margin-top:0!important;margin-bottom:30px!important}.gspb_id-gsbp-b623c86{display:flex;margin-bottom:60px}.gspb_id-gsbp-b623c86 .gspb_map-wrapper{width:100%;height:500px;isolation:isolate}@media (max-width:991.98px){.gspb_id-gsbp-b623c86 .gspb_map-wrapper{height:400px}}","_monsterinsights_skip_tracking":false,"_monsterinsights_sitenote_active":false,"_monsterinsights_sitenote_note":"","_monsterinsights_sitenote_category":0,"footnotes":""},"class_list":["post-891","page","type-page","status-publish","has-post-thumbnail","hentry"],"blocksy_meta":{"has_hero_section":"disabled","styles_descriptor":{"styles":{"desktop":"","tablet":"","mobile":""},"google_fonts":[],"version":6}},"yoast_head":"<!-- This site is optimized with the Yoast SEO plugin v27.3 - https:\/\/yoast.com\/product\/yoast-seo-wordpress\/ -->\n<title>Contact - arkhtide-tcg<\/title>\n<meta name=\"description\" content=\"Reach out to the Arkhtide team with any questions or ideas you have.\" \/>\n<meta name=\"robots\" content=\"index, follow, max-snippet:-1, max-image-preview:large, max-video-preview:-1\" \/>\n<link rel=\"canonical\" href=\"https:\/\/arkhtide-tcg.com\/ro\/contact\/\" \/>\n<meta property=\"og:locale\" content=\"ro_RO\" \/>\n<meta property=\"og:type\" content=\"article\" \/>\n<meta property=\"og:title\" content=\"Contact Arkhtide\" \/>\n<meta property=\"og:description\" content=\"Reach out to the Arkhtide team with any questions or ideas you have.\" \/>\n<meta property=\"og:url\" content=\"https:\/\/arkhtide-tcg.com\/ro\/contact\/\" \/>\n<meta property=\"og:site_name\" content=\"arkhtide-tcg\" \/>\n<meta property=\"article:publisher\" content=\"https:\/\/www.facebook.com\/arkhtide\/\" \/>\n<meta property=\"article:modified_time\" content=\"2025-09-22T09:00:56+00:00\" \/>\n<meta property=\"og:image\" content=\"https:\/\/arkhtide-tcg.com\/wp-content\/uploads\/2024\/05\/3.webp\" \/>\n\t<meta property=\"og:image:width\" content=\"1920\" \/>\n\t<meta property=\"og:image:height\" content=\"1080\" \/>\n\t<meta property=\"og:image:type\" content=\"image\/webp\" \/>\n<meta name=\"twitter:card\" content=\"summary_large_image\" \/>\n<meta name=\"twitter:title\" content=\"Contact Arkhtide\" \/>\n<meta name=\"twitter:description\" content=\"Reach out to the Arkhtide team with any questions or ideas you have.\" \/>\n<meta name=\"twitter:label1\" content=\"Timp estimat pentru citire\" \/>\n\t<meta name=\"twitter:data1\" content=\"1 minut\" \/>\n<script type=\"application\/ld+json\" class=\"yoast-schema-graph\">{\"@context\":\"https:\\\/\\\/schema.org\",\"@graph\":[{\"@type\":\"WebPage\",\"@id\":\"https:\\\/\\\/arkhtide-tcg.com\\\/contact\\\/\",\"url\":\"https:\\\/\\\/arkhtide-tcg.com\\\/contact\\\/\",\"name\":\"Contact - arkhtide-tcg\",\"isPartOf\":{\"@id\":\"https:\\\/\\\/arkhtide-tcg.com\\\/#website\"},\"primaryImageOfPage\":{\"@id\":\"https:\\\/\\\/arkhtide-tcg.com\\\/contact\\\/#primaryimage\"},\"image\":{\"@id\":\"https:\\\/\\\/arkhtide-tcg.com\\\/contact\\\/#primaryimage\"},\"thumbnailUrl\":\"https:\\\/\\\/arkhtide-tcg.com\\\/wp-content\\\/uploads\\\/2024\\\/05\\\/3.webp\",\"datePublished\":\"2023-11-10T11:22:56+00:00\",\"dateModified\":\"2025-09-22T09:00:56+00:00\",\"description\":\"Reach out to the Arkhtide team with any questions or ideas you have.\",\"breadcrumb\":{\"@id\":\"https:\\\/\\\/arkhtide-tcg.com\\\/contact\\\/#breadcrumb\"},\"inLanguage\":\"ro-RO\",\"potentialAction\":[{\"@type\":\"ReadAction\",\"target\":[\"https:\\\/\\\/arkhtide-tcg.com\\\/contact\\\/\"]}]},{\"@type\":\"ImageObject\",\"inLanguage\":\"ro-RO\",\"@id\":\"https:\\\/\\\/arkhtide-tcg.com\\\/contact\\\/#primaryimage\",\"url\":\"https:\\\/\\\/arkhtide-tcg.com\\\/wp-content\\\/uploads\\\/2024\\\/05\\\/3.webp\",\"contentUrl\":\"https:\\\/\\\/arkhtide-tcg.com\\\/wp-content\\\/uploads\\\/2024\\\/05\\\/3.webp\",\"width\":1920,\"height\":1080},{\"@type\":\"BreadcrumbList\",\"@id\":\"https:\\\/\\\/arkhtide-tcg.com\\\/contact\\\/#breadcrumb\",\"itemListElement\":[{\"@type\":\"ListItem\",\"position\":1,\"name\":\"Kezd\u0151lap\",\"item\":\"https:\\\/\\\/arkhtide-tcg.com\\\/\"},{\"@type\":\"ListItem\",\"position\":2,\"name\":\"Contact\"}]},{\"@type\":\"WebSite\",\"@id\":\"https:\\\/\\\/arkhtide-tcg.com\\\/#website\",\"url\":\"https:\\\/\\\/arkhtide-tcg.com\\\/\",\"name\":\"arkhtide-tcg\",\"description\":\"Arkhtide Trading Card Game\",\"publisher\":{\"@id\":\"https:\\\/\\\/arkhtide-tcg.com\\\/#organization\"},\"potentialAction\":[{\"@type\":\"SearchAction\",\"target\":{\"@type\":\"EntryPoint\",\"urlTemplate\":\"https:\\\/\\\/arkhtide-tcg.com\\\/?s={search_term_string}\"},\"query-input\":{\"@type\":\"PropertyValueSpecification\",\"valueRequired\":true,\"valueName\":\"search_term_string\"}}],\"inLanguage\":\"ro-RO\"},{\"@type\":\"Organization\",\"@id\":\"https:\\\/\\\/arkhtide-tcg.com\\\/#organization\",\"name\":\"arkhtide-tcg\",\"url\":\"https:\\\/\\\/arkhtide-tcg.com\\\/\",\"logo\":{\"@type\":\"ImageObject\",\"inLanguage\":\"ro-RO\",\"@id\":\"https:\\\/\\\/arkhtide-tcg.com\\\/#\\\/schema\\\/logo\\\/image\\\/\",\"url\":\"https:\\\/\\\/arkhtide-tcg.com\\\/wp-content\\\/uploads\\\/2024\\\/04\\\/arkthide_logo_fektetett_pixel-scaled.webp\",\"contentUrl\":\"https:\\\/\\\/arkhtide-tcg.com\\\/wp-content\\\/uploads\\\/2024\\\/04\\\/arkthide_logo_fektetett_pixel-scaled.webp\",\"width\":2560,\"height\":842,\"caption\":\"arkhtide-tcg\"},\"image\":{\"@id\":\"https:\\\/\\\/arkhtide-tcg.com\\\/#\\\/schema\\\/logo\\\/image\\\/\"},\"sameAs\":[\"https:\\\/\\\/www.facebook.com\\\/arkhtide\\\/\",\"https:\\\/\\\/www.instagram.com\\\/arkhtide.tcg\\\/\"]}]}<\/script>\n<!-- \/ Yoast SEO plugin. -->","yoast_head_json":{"title":"Contact - arkhtide-tcg","description":"Reach out to the Arkhtide team with any questions or ideas you have.","robots":{"index":"index","follow":"follow","max-snippet":"max-snippet:-1","max-image-preview":"max-image-preview:large","max-video-preview":"max-video-preview:-1"},"canonical":"https:\/\/arkhtide-tcg.com\/ro\/contact\/","og_locale":"ro_RO","og_type":"article","og_title":"Contact Arkhtide","og_description":"Reach out to the Arkhtide team with any questions or ideas you have.","og_url":"https:\/\/arkhtide-tcg.com\/ro\/contact\/","og_site_name":"arkhtide-tcg","article_publisher":"https:\/\/www.facebook.com\/arkhtide\/","article_modified_time":"2025-09-22T09:00:56+00:00","og_image":[{"width":1920,"height":1080,"url":"https:\/\/arkhtide-tcg.com\/wp-content\/uploads\/2024\/05\/3.webp","type":"image\/webp"}],"twitter_card":"summary_large_image","twitter_title":"Contact Arkhtide","twitter_description":"Reach out to the Arkhtide team with any questions or ideas you have.","twitter_misc":{"Timp estimat pentru citire":"1 minut"},"schema":{"@context":"https:\/\/schema.org","@graph":[{"@type":"WebPage","@id":"https:\/\/arkhtide-tcg.com\/contact\/","url":"https:\/\/arkhtide-tcg.com\/contact\/","name":"Contact - arkhtide-tcg","isPartOf":{"@id":"https:\/\/arkhtide-tcg.com\/#website"},"primaryImageOfPage":{"@id":"https:\/\/arkhtide-tcg.com\/contact\/#primaryimage"},"image":{"@id":"https:\/\/arkhtide-tcg.com\/contact\/#primaryimage"},"thumbnailUrl":"https:\/\/arkhtide-tcg.com\/wp-content\/uploads\/2024\/05\/3.webp","datePublished":"2023-11-10T11:22:56+00:00","dateModified":"2025-09-22T09:00:56+00:00","description":"Reach out to the Arkhtide team with any questions or ideas you have.","breadcrumb":{"@id":"https:\/\/arkhtide-tcg.com\/contact\/#breadcrumb"},"inLanguage":"ro-RO","potentialAction":[{"@type":"ReadAction","target":["https:\/\/arkhtide-tcg.com\/contact\/"]}]},{"@type":"ImageObject","inLanguage":"ro-RO","@id":"https:\/\/arkhtide-tcg.com\/contact\/#primaryimage","url":"https:\/\/arkhtide-tcg.com\/wp-content\/uploads\/2024\/05\/3.webp","contentUrl":"https:\/\/arkhtide-tcg.com\/wp-content\/uploads\/2024\/05\/3.webp","width":1920,"height":1080},{"@type":"BreadcrumbList","@id":"https:\/\/arkhtide-tcg.com\/contact\/#breadcrumb","itemListElement":[{"@type":"ListItem","position":1,"name":"Kezd\u0151lap","item":"https:\/\/arkhtide-tcg.com\/"},{"@type":"ListItem","position":2,"name":"Contact"}]},{"@type":"WebSite","@id":"https:\/\/arkhtide-tcg.com\/#website","url":"https:\/\/arkhtide-tcg.com\/","name":"arkhtide-tcg","description":"Arkhtide Trading Card Game","publisher":{"@id":"https:\/\/arkhtide-tcg.com\/#organization"},"potentialAction":[{"@type":"SearchAction","target":{"@type":"EntryPoint","urlTemplate":"https:\/\/arkhtide-tcg.com\/?s={search_term_string}"},"query-input":{"@type":"PropertyValueSpecification","valueRequired":true,"valueName":"search_term_string"}}],"inLanguage":"ro-RO"},{"@type":"Organization","@id":"https:\/\/arkhtide-tcg.com\/#organization","name":"arkhtide-tcg","url":"https:\/\/arkhtide-tcg.com\/","logo":{"@type":"ImageObject","inLanguage":"ro-RO","@id":"https:\/\/arkhtide-tcg.com\/#\/schema\/logo\/image\/","url":"https:\/\/arkhtide-tcg.com\/wp-content\/uploads\/2024\/04\/arkthide_logo_fektetett_pixel-scaled.webp","contentUrl":"https:\/\/arkhtide-tcg.com\/wp-content\/uploads\/2024\/04\/arkthide_logo_fektetett_pixel-scaled.webp","width":2560,"height":842,"caption":"arkhtide-tcg"},"image":{"@id":"https:\/\/arkhtide-tcg.com\/#\/schema\/logo\/image\/"},"sameAs":["https:\/\/www.facebook.com\/arkhtide\/","https:\/\/www.instagram.com\/arkhtide.tcg\/"]}]}},"_links":{"self":[{"href":"https:\/\/arkhtide-tcg.com\/ro\/wp-json\/wp\/v2\/pages\/891","targetHints":{"allow":["GET"]}}],"collection":[{"href":"https:\/\/arkhtide-tcg.com\/ro\/wp-json\/wp\/v2\/pages"}],"about":[{"href":"https:\/\/arkhtide-tcg.com\/ro\/wp-json\/wp\/v2\/types\/page"}],"author":[{"embeddable":true,"href":"https:\/\/arkhtide-tcg.com\/ro\/wp-json\/wp\/v2\/users\/2"}],"replies":[{"embeddable":true,"href":"https:\/\/arkhtide-tcg.com\/ro\/wp-json\/wp\/v2\/comments?post=891"}],"version-history":[{"count":10,"href":"https:\/\/arkhtide-tcg.com\/ro\/wp-json\/wp\/v2\/pages\/891\/revisions"}],"predecessor-version":[{"id":2825,"href":"https:\/\/arkhtide-tcg.com\/ro\/wp-json\/wp\/v2\/pages\/891\/revisions\/2825"}],"wp:featuredmedia":[{"embeddable":true,"href":"https:\/\/arkhtide-tcg.com\/ro\/wp-json\/wp\/v2\/media\/1643"}],"wp:attachment":[{"href":"https:\/\/arkhtide-tcg.com\/ro\/wp-json\/wp\/v2\/media?parent=891"}],"curies":[{"name":"wp","href":"https:\/\/api.w.org\/{rel}","templated":true}]}}